{"id":30308,"date":"2026-03-02T20:29:22","date_gmt":"2026-03-02T23:29:22","guid":{"rendered":"https:\/\/manija.com.ar\/fresh\/?post_type=product&#038;p=30308"},"modified":"2026-03-07T20:52:07","modified_gmt":"2026-03-07T23:52:07","slug":"barrita-proteica-frutos-rojos-sin-azucar-x-40-gr-ki-bar","status":"publish","type":"product","link":"https:\/\/manija.com.ar\/fresh\/producto\/barrita-proteica-frutos-rojos-sin-azucar-x-40-gr-ki-bar\/","title":{"rendered":"Barrita Proteica Frutos Rojos Sin Az\u00facar x 40 gr &#8211; KI BAR"},"content":{"rendered":"","protected":false},"excerpt":{"rendered":"<p>Barra 100% natural, sin az\u00facar a\u00f1adido, gluten ni l\u00e1cteos, endulzada solo con d\u00e1tiles. Aporta 10 gr de prote\u00edna en solo 120 kcal, el equivalente a 3 claras de huevo. Una opci\u00f3n saludable y pr\u00e1ctica para el d\u00eda a d\u00eda.<\/p>\n","protected":false},"featured_media":25534,"template":"","meta":[],"product_brand":[],"product_cat":[320,331],"product_tag":[89],"class_list":{"0":"post-30308","1":"product","2":"type-product","3":"status-publish","4":"has-post-thumbnail","6":"product_cat-barras","7":"product_cat-snacks-proteicos","8":"product_tag-sin-azucar","9":"pa_marca-ki-bar","10":"nt-post-class","11":"","17":"first","18":"instock","19":"shipping-taxable","20":"product-type-simple"},"_links":{"self":[{"href":"https:\/\/manija.com.ar\/fresh\/wp-json\/wp\/v2\/product\/30308","targetHints":{"allow":["GET"]}}],"collection":[{"href":"https:\/\/manija.com.ar\/fresh\/wp-json\/wp\/v2\/product"}],"about":[{"href":"https:\/\/manija.com.ar\/fresh\/wp-json\/wp\/v2\/types\/product"}],"version-history":[{"count":1,"href":"https:\/\/manija.com.ar\/fresh\/wp-json\/wp\/v2\/product\/30308\/revisions"}],"predecessor-version":[{"id":30338,"href":"https:\/\/manija.com.ar\/fresh\/wp-json\/wp\/v2\/product\/30308\/revisions\/30338"}],"wp:featuredmedia":[{"embeddable":true,"href":"https:\/\/manija.com.ar\/fresh\/wp-json\/wp\/v2\/media\/25534"}],"wp:attachment":[{"href":"https:\/\/manija.com.ar\/fresh\/wp-json\/wp\/v2\/media?parent=30308"}],"wp:term":[{"taxonomy":"product_brand","embeddable":true,"href":"https:\/\/manija.com.ar\/fresh\/wp-json\/wp\/v2\/product_brand?post=30308"},{"taxonomy":"product_cat","embeddable":true,"href":"https:\/\/manija.com.ar\/fresh\/wp-json\/wp\/v2\/product_cat?post=30308"},{"taxonomy":"product_tag","embeddable":true,"href":"https:\/\/manija.com.ar\/fresh\/wp-json\/wp\/v2\/product_tag?post=30308"}],"curies":[{"name":"wp","href":"https:\/\/api.w.org\/{rel}","templated":true}]}}