{"id":30260,"date":"2026-03-02T20:29:11","date_gmt":"2026-03-02T23:29:11","guid":{"rendered":"https:\/\/manija.com.ar\/fresh\/?post_type=product&#038;p=30260"},"modified":"2026-03-07T20:52:02","modified_gmt":"2026-03-07T23:52:02","slug":"barrita-de-cereal-proteica-arandanos-y-pasta-de-mani-x-43-gr-integra","status":"publish","type":"product","link":"https:\/\/manija.com.ar\/fresh\/producto\/barrita-de-cereal-proteica-arandanos-y-pasta-de-mani-x-43-gr-integra\/","title":{"rendered":"Barrita de Cereal Proteica Ar\u00e1ndanos y Pasta de Man\u00ed x 43 gr \u2013 INTEGRA"},"content":{"rendered":"","protected":false},"excerpt":{"rendered":"<p>Barra de cereal proteica con ar\u00e1ndanos deshidratados y pasta de man\u00ed. Elaborada con ingredientes de alta calidad 100% naturales, y a base de plantas. Destaca por su alto contenido de prote\u00ednas, con 15g, y fibra, con 8g por unidad. Esta combinaci\u00f3n de prote\u00ednas y fibra brinda una alta saciedad, convirti\u00e9ndola en una opci\u00f3n saludable e ideal para cualquier momento del d\u00eda, ya sea como desayuno, merienda o snack. Sin sellos y libre de aditivos artificiales, es la elecci\u00f3n perfecta para quienes buscan una alimentaci\u00f3n balanceada y deliciosa.<\/p>\n","protected":false},"featured_media":24642,"template":"","meta":[],"product_brand":[],"product_cat":[320,331],"product_tag":[90],"class_list":{"0":"post-30260","1":"product","2":"type-product","3":"status-publish","4":"has-post-thumbnail","6":"product_cat-barras","7":"product_cat-snacks-proteicos","8":"product_tag-vegano","9":"pa_marca-integra","10":"nt-post-class","11":"","17":"first","18":"instock","19":"shipping-taxable","20":"product-type-simple"},"_links":{"self":[{"href":"https:\/\/manija.com.ar\/fresh\/wp-json\/wp\/v2\/product\/30260","targetHints":{"allow":["GET"]}}],"collection":[{"href":"https:\/\/manija.com.ar\/fresh\/wp-json\/wp\/v2\/product"}],"about":[{"href":"https:\/\/manija.com.ar\/fresh\/wp-json\/wp\/v2\/types\/product"}],"version-history":[{"count":1,"href":"https:\/\/manija.com.ar\/fresh\/wp-json\/wp\/v2\/product\/30260\/revisions"}],"predecessor-version":[{"id":30290,"href":"https:\/\/manija.com.ar\/fresh\/wp-json\/wp\/v2\/product\/30260\/revisions\/30290"}],"wp:featuredmedia":[{"embeddable":true,"href":"https:\/\/manija.com.ar\/fresh\/wp-json\/wp\/v2\/media\/24642"}],"wp:attachment":[{"href":"https:\/\/manija.com.ar\/fresh\/wp-json\/wp\/v2\/media?parent=30260"}],"wp:term":[{"taxonomy":"product_brand","embeddable":true,"href":"https:\/\/manija.com.ar\/fresh\/wp-json\/wp\/v2\/product_brand?post=30260"},{"taxonomy":"product_cat","embeddable":true,"href":"https:\/\/manija.com.ar\/fresh\/wp-json\/wp\/v2\/product_cat?post=30260"},{"taxonomy":"product_tag","embeddable":true,"href":"https:\/\/manija.com.ar\/fresh\/wp-json\/wp\/v2\/product_tag?post=30260"}],"curies":[{"name":"wp","href":"https:\/\/api.w.org\/{rel}","templated":true}]}}